{"id":1751,"date":"2025-07-27T12:41:13","date_gmt":"2025-07-27T12:41:13","guid":{"rendered":"https:\/\/stey.ch\/?page_id=1751"},"modified":"2025-07-28T06:02:59","modified_gmt":"2025-07-28T06:02:59","slug":"impressum-deutsch","status":"publish","type":"page","link":"https:\/\/stey.ch\/?page_id=1751","title":{"rendered":"IMPRESSUM Deutsch\u00a0"},"content":{"rendered":"\t\t<div data-elementor-type=\"wp-page\" data-elementor-id=\"1751\" class=\"elementor elementor-1751\" data-elementor-post-type=\"page\">\n\t\t\t\t<div class=\"elementor-element elementor-element-27a7930 e-flex e-con-boxed e-con e-parent\" data-id=\"27a7930\" data-element_type=\"container\" data-e-type=\"container\">\n\t\t\t\t\t<div class=\"e-con-inner\">\n\t\t\t\t<div class=\"elementor-element elementor-element-acb29f7 elementor-widget elementor-widget-heading\" data-id=\"acb29f7\" data-element_type=\"widget\" data-e-type=\"widget\" data-widget_type=\"heading.default\">\n\t\t\t\t\t<h2 class=\"elementor-heading-title elementor-size-default\">IMPRESSUM<\/h2>\t\t\t\t<\/div>\n\t\t\t\t<div class=\"elementor-element elementor-element-3db9d36 elementor-widget elementor-widget-text-editor\" data-id=\"3db9d36\" data-element_type=\"widget\" data-e-type=\"widget\" data-widget_type=\"text-editor.default\">\n\t\t\t\t\t\t\t\t\t<p>Stey Attraktionen GmbH<br \/>Zollhaus \u2013 Flugplatzstrasse 21<br \/>8554 Bonau TG<br \/>Schweiz<br \/>Tel. 079 608 88 44<\/p>\t\t\t\t\t\t\t\t<\/div>\n\t\t\t\t<div class=\"elementor-element elementor-element-d0af1a8 elementor-widget elementor-widget-n-accordion\" data-id=\"d0af1a8\" data-element_type=\"widget\" data-e-type=\"widget\" data-settings=\"{&quot;default_state&quot;:&quot;expanded&quot;,&quot;max_items_expended&quot;:&quot;one&quot;,&quot;n_accordion_animation_duration&quot;:{&quot;unit&quot;:&quot;ms&quot;,&quot;size&quot;:400,&quot;sizes&quot;:[]}}\" data-widget_type=\"nested-accordion.default\">\n\t\t\t\t\t\t\t<div class=\"e-n-accordion\" aria-label=\"Accordion. Open links with Enter or Space, close with Escape, and navigate with Arrow Keys\">\n\t\t\t\t\t\t<details id=\"e-n-accordion-item-2180\" class=\"e-n-accordion-item\" open>\n\t\t\t\t<summary class=\"e-n-accordion-item-title\" data-accordion-index=\"1\" tabindex=\"0\" aria-expanded=\"true\" aria-controls=\"e-n-accordion-item-2180\" >\n\t\t\t\t\t<span class='e-n-accordion-item-title-header'><div class=\"e-n-accordion-item-title-text\"> Verantwortlich f\u00fcr den Inhalt: <\/div><\/span>\n\t\t\t\t\t\t\t<span class='e-n-accordion-item-title-icon'>\n\t\t\t<span class='e-opened' ><svg aria-hidden=\"true\" class=\"e-font-icon-svg e-fas-angle-up\" viewBox=\"0 0 320 512\" xmlns=\"http:\/\/www.w3.org\/2000\/svg\"><path d=\"M177 159.7l136 136c9.4 9.4 9.4 24.6 0 33.9l-22.6 22.6c-9.4 9.4-24.6 9.4-33.9 0L160 255.9l-96.4 96.4c-9.4 9.4-24.6 9.4-33.9 0L7 329.7c-9.4-9.4-9.4-24.6 0-33.9l136-136c9.4-9.5 24.6-9.5 34-.1z\"><\/path><\/svg><\/span>\n\t\t\t<span class='e-closed'><svg aria-hidden=\"true\" class=\"e-font-icon-svg e-fas-angle-down\" viewBox=\"0 0 320 512\" xmlns=\"http:\/\/www.w3.org\/2000\/svg\"><path d=\"M143 352.3L7 216.3c-9.4-9.4-9.4-24.6 0-33.9l22.6-22.6c9.4-9.4 24.6-9.4 33.9 0l96.4 96.4 96.4-96.4c9.4-9.4 24.6-9.4 33.9 0l22.6 22.6c9.4 9.4 9.4 24.6 0 33.9l-136 136c-9.2 9.4-24.4 9.4-33.8 0z\"><\/path><\/svg><\/span>\n\t\t<\/span>\n\n\t\t\t\t\t\t<\/summary>\n\t\t\t\t<div role=\"region\" aria-labelledby=\"e-n-accordion-item-2180\" class=\"elementor-element elementor-element-944b0cf e-con-full e-flex e-con e-child\" data-id=\"944b0cf\" data-element_type=\"container\" data-e-type=\"container\">\n\t\t\t\t<div class=\"elementor-element elementor-element-9d6c31b elementor-widget elementor-widget-text-editor\" data-id=\"9d6c31b\" data-element_type=\"widget\" data-e-type=\"widget\" data-widget_type=\"text-editor.default\">\n\t\t\t\t\t\t\t\t\t<p>Stey Attraktionen GmbH<\/p><p>Stey Attraktionen GmbH ist ein in der Schweiz eingetragenes Unternehmen.<\/p><p>UID: CHE-112.674.097<\/p><p>MWSt.-Nummer: CHE-112.674.097 MWST<\/p>\t\t\t\t\t\t\t\t<\/div>\n\t\t\t\t<\/div>\n\t\t\t\t\t<\/details>\n\t\t\t\t\t\t<details id=\"e-n-accordion-item-2181\" class=\"e-n-accordion-item\" >\n\t\t\t\t<summary class=\"e-n-accordion-item-title\" data-accordion-index=\"2\" tabindex=\"-1\" aria-expanded=\"false\" aria-controls=\"e-n-accordion-item-2181\" >\n\t\t\t\t\t<span class='e-n-accordion-item-title-header'><div class=\"e-n-accordion-item-title-text\"> Vertretungsberechtigte Gesellschafter: <\/div><\/span>\n\t\t\t\t\t\t\t<span class='e-n-accordion-item-title-icon'>\n\t\t\t<span class='e-opened' ><svg aria-hidden=\"true\" class=\"e-font-icon-svg e-fas-angle-up\" viewBox=\"0 0 320 512\" xmlns=\"http:\/\/www.w3.org\/2000\/svg\"><path d=\"M177 159.7l136 136c9.4 9.4 9.4 24.6 0 33.9l-22.6 22.6c-9.4 9.4-24.6 9.4-33.9 0L160 255.9l-96.4 96.4c-9.4 9.4-24.6 9.4-33.9 0L7 329.7c-9.4-9.4-9.4-24.6 0-33.9l136-136c9.4-9.5 24.6-9.5 34-.1z\"><\/path><\/svg><\/span>\n\t\t\t<span class='e-closed'><svg aria-hidden=\"true\" class=\"e-font-icon-svg e-fas-angle-down\" viewBox=\"0 0 320 512\" xmlns=\"http:\/\/www.w3.org\/2000\/svg\"><path d=\"M143 352.3L7 216.3c-9.4-9.4-9.4-24.6 0-33.9l22.6-22.6c9.4-9.4 24.6-9.4 33.9 0l96.4 96.4 96.4-96.4c9.4-9.4 24.6-9.4 33.9 0l22.6 22.6c9.4 9.4 9.4 24.6 0 33.9l-136 136c-9.2 9.4-24.4 9.4-33.8 0z\"><\/path><\/svg><\/span>\n\t\t<\/span>\n\n\t\t\t\t\t\t<\/summary>\n\t\t\t\t<div role=\"region\" aria-labelledby=\"e-n-accordion-item-2181\" class=\"elementor-element elementor-element-5e29f4a e-con-full e-flex e-con e-child\" data-id=\"5e29f4a\" data-element_type=\"container\" data-e-type=\"container\">\n\t\t\t\t<div class=\"elementor-element elementor-element-b074f8e elementor-widget elementor-widget-text-editor\" data-id=\"b074f8e\" data-element_type=\"widget\" data-e-type=\"widget\" data-widget_type=\"text-editor.default\">\n\t\t\t\t\t\t\t\t\t<p>Martin Stey und Steven Mettler<\/p>\t\t\t\t\t\t\t\t<\/div>\n\t\t\t\t<\/div>\n\t\t\t\t\t<\/details>\n\t\t\t\t\t\t<details id=\"e-n-accordion-item-2182\" class=\"e-n-accordion-item\" >\n\t\t\t\t<summary class=\"e-n-accordion-item-title\" data-accordion-index=\"3\" tabindex=\"-1\" aria-expanded=\"false\" aria-controls=\"e-n-accordion-item-2182\" >\n\t\t\t\t\t<span class='e-n-accordion-item-title-header'><div class=\"e-n-accordion-item-title-text\"> Bankverbindung: <\/div><\/span>\n\t\t\t\t\t\t\t<span class='e-n-accordion-item-title-icon'>\n\t\t\t<span class='e-opened' ><svg aria-hidden=\"true\" class=\"e-font-icon-svg e-fas-angle-up\" viewBox=\"0 0 320 512\" xmlns=\"http:\/\/www.w3.org\/2000\/svg\"><path d=\"M177 159.7l136 136c9.4 9.4 9.4 24.6 0 33.9l-22.6 22.6c-9.4 9.4-24.6 9.4-33.9 0L160 255.9l-96.4 96.4c-9.4 9.4-24.6 9.4-33.9 0L7 329.7c-9.4-9.4-9.4-24.6 0-33.9l136-136c9.4-9.5 24.6-9.5 34-.1z\"><\/path><\/svg><\/span>\n\t\t\t<span class='e-closed'><svg aria-hidden=\"true\" class=\"e-font-icon-svg e-fas-angle-down\" viewBox=\"0 0 320 512\" xmlns=\"http:\/\/www.w3.org\/2000\/svg\"><path d=\"M143 352.3L7 216.3c-9.4-9.4-9.4-24.6 0-33.9l22.6-22.6c9.4-9.4 24.6-9.4 33.9 0l96.4 96.4 96.4-96.4c9.4-9.4 24.6-9.4 33.9 0l22.6 22.6c9.4 9.4 9.4 24.6 0 33.9l-136 136c-9.2 9.4-24.4 9.4-33.8 0z\"><\/path><\/svg><\/span>\n\t\t<\/span>\n\n\t\t\t\t\t\t<\/summary>\n\t\t\t\t<div role=\"region\" aria-labelledby=\"e-n-accordion-item-2182\" class=\"elementor-element elementor-element-1400a7f e-con-full e-flex e-con e-child\" data-id=\"1400a7f\" data-element_type=\"container\" data-e-type=\"container\">\n\t\t\t\t<div class=\"elementor-element elementor-element-8e0e125 elementor-widget elementor-widget-text-editor\" data-id=\"8e0e125\" data-element_type=\"widget\" data-e-type=\"widget\" data-widget_type=\"text-editor.default\">\n\t\t\t\t\t\t\t\t\t<p>Schweizerische Post, 3000 Bern<\/p><p>IBAN: CH04 0900 0000 8517 9480 7<br \/>BIC: POFICHBEXXX<\/p><p>Trotz einer regelm\u00e4ssigen und inhaltlichen Kontrolle \u00fcbernehmen wir keine Haftung f\u00fcr Inhalte von externen Links. F\u00fcr den Inhalt der verlinkten Seiten sind ausschliesslich deren Betreiber verantwortlich.<\/p><p>S\u00e4mtliche angebotenen Informationen d\u00fcrfen \u2013 auch auszugsweise \u2013 nur mit schriftlicher Genehmigung von Stey Attraktionen GmbH weiterverbreitet oder anderweitig ver\u00f6ffentlicht werden. Keinesfalls ist es gestattet, die abgerufenen Informationen online oder auf anderen Medien weiterzuverbreiten oder kommerziell zu nutzen.<\/p><p>Wir \u00fcbernehmen keine Haftung f\u00fcr die Zugangsm\u00f6glichkeit oder deren Zugangsqualit\u00e4t sowie die Art der Darstellung. Downloaden erfolgt auf eigene Gefahr. F\u00fcr den Inhalt unserer Webseite haften wir nur bez\u00fcglich Vorsatz und grober Fahrl\u00e4ssigkeit sowie begrenzt f\u00fcr den typisch vorhersehbaren Schaden. F\u00fcr die Inhalte verlinkter Seiten ausserhalb unseres Angebots \u00fcbernehmen wir keine Haftung.<\/p><p>S\u00e4mtliche auf der Website von Stey Attraktionen GmbH erhobenen pers\u00f6nlichen Daten werden ausschliesslich zu deiner individuellen Betreuung, der \u00dcbersendung von Produktinformationen oder der Unterbreitung von Serviceangeboten gespeichert und verarbeitet. Stey Attraktionen GmbH sichert zu, dass deine Angaben entsprechend den geltenden datenschutzrechtlichen Bestimmungen vertraulich behandelt werden.<\/p>\t\t\t\t\t\t\t\t<\/div>\n\t\t\t\t<\/div>\n\t\t\t\t\t<\/details>\n\t\t\t\t\t<\/div>\n\t\t\t\t\t\t<\/div>\n\t\t\t\t<div class=\"elementor-element elementor-element-8072c9f elementor-widget elementor-widget-image\" data-id=\"8072c9f\" data-element_type=\"widget\" data-e-type=\"widget\" data-widget_type=\"image.default\">\n\t\t\t\t\t\t\t\t\t\t\t\t\t\t\t<img decoding=\"async\" width=\"1312\" height=\"28\" src=\"https:\/\/stey.ch\/wp-content\/uploads\/2025\/07\/Frame-48101663.webp\" class=\"attachment-full size-full wp-image-1628\" alt=\"\" srcset=\"https:\/\/stey.ch\/wp-content\/uploads\/2025\/07\/Frame-48101663.webp 1312w, https:\/\/stey.ch\/wp-content\/uploads\/2025\/07\/Frame-48101663-300x6.webp 300w, https:\/\/stey.ch\/wp-content\/uploads\/2025\/07\/Frame-48101663-1024x22.webp 1024w, https:\/\/stey.ch\/wp-content\/uploads\/2025\/07\/Frame-48101663-768x16.webp 768w\" sizes=\"(max-width: 1312px) 100vw, 1312px\" \/>\t\t\t\t\t\t\t\t\t\t\t\t\t\t\t<\/div>\n\t\t\t\t\t<\/div>\n\t\t\t\t<\/div>\n\t\t\t\t<\/div>\n\t\t","protected":false},"excerpt":{"rendered":"<p>IMPRESSUM Stey Attraktionen GmbHZollhaus \u2013 Flugplatzstrasse 218554 Bonau TGSchweizTel. 079 608 88 44 Verantwortlich f\u00fcr den Inhalt: Stey Attraktionen GmbH Stey Attraktionen GmbH ist ein in der Schweiz eingetragenes Unternehmen. UID: CHE-112.674.097 MWSt.-Nummer: CHE-112.674.097 MWST Vertretungsberechtigte Gesellschafter: Martin Stey und Steven Mettler Bankverbindung: Schweizerische Post, 3000 Bern IBAN: CH04 0900 0000 8517 9480 7BIC: POFICHBEXXX [&hellip;]<\/p>\n","protected":false},"author":1,"featured_media":0,"parent":0,"menu_order":0,"comment_status":"closed","ping_status":"closed","template":"","meta":{"footnotes":""},"class_list":["post-1751","page","type-page","status-publish","hentry"],"_links":{"self":[{"href":"https:\/\/stey.ch\/index.php?rest_route=\/wp\/v2\/pages\/1751","targetHints":{"allow":["GET"]}}],"collection":[{"href":"https:\/\/stey.ch\/index.php?rest_route=\/wp\/v2\/pages"}],"about":[{"href":"https:\/\/stey.ch\/index.php?rest_route=\/wp\/v2\/types\/page"}],"author":[{"embeddable":true,"href":"https:\/\/stey.ch\/index.php?rest_route=\/wp\/v2\/users\/1"}],"replies":[{"embeddable":true,"href":"https:\/\/stey.ch\/index.php?rest_route=%2Fwp%2Fv2%2Fcomments&post=1751"}],"version-history":[{"count":13,"href":"https:\/\/stey.ch\/index.php?rest_route=\/wp\/v2\/pages\/1751\/revisions"}],"predecessor-version":[{"id":1779,"href":"https:\/\/stey.ch\/index.php?rest_route=\/wp\/v2\/pages\/1751\/revisions\/1779"}],"wp:attachment":[{"href":"https:\/\/stey.ch\/index.php?rest_route=%2Fwp%2Fv2%2Fmedia&parent=1751"}],"curies":[{"name":"wp","href":"https:\/\/api.w.org\/{rel}","templated":true}]}}